{"id":2103,"date":"2021-03-23T04:33:54","date_gmt":"2021-03-23T04:33:54","guid":{"rendered":"http:\/\/localhost\/nuss\/?page_id=103"},"modified":"2025-05-20T16:34:39","modified_gmt":"2025-05-20T15:34:39","slug":"unsere-geschichte","status":"publish","type":"page","link":"https:\/\/madonnadegliangeli.com\/de\/unsere-geschichte\/","title":{"rendered":"Unsere Geschichte von Familie und Bauernhof"},"content":{"rendered":"<div data-elementor-type=\"wp-page\" data-elementor-id=\"2103\" class=\"elementor elementor-2103\">\n\t\t\t\t\t\t<section class=\"elementor-section elementor-top-section elementor-element elementor-element-8f5bb9d elementor-section-boxed elementor-section-gap-beside-yes elementor-section-height-default elementor-section-height-default elementor-section-column-vertical-align-stretch\" data-id=\"8f5bb9d\" data-element_type=\"section\">\n\t\t\t\t\t\t<div class=\"elementor-container elementor-column-gap-extended\">\n\t\t\t\t\t<div class=\"elementor-column elementor-col-100 elementor-top-column elementor-element elementor-element-7ec4215\" data-id=\"7ec4215\" data-element_type=\"column\">\n\t\t\t<div class=\"elementor-widget-wrap elementor-element-populated\">\n\t\t\t\t\t\t<div class=\"elementor-element elementor-element-edd9d03 elementor-widget__width-initial elementor-invisible elementor-widget elementor-widget-text-editor\" data-id=\"edd9d03\" data-element_type=\"widget\" data-settings=\"{&quot;_animation&quot;:&quot;nussFadeInUp&quot;}\" data-widget_type=\"text-editor.default\">\n\t\t\t\t<div class=\"elementor-widget-container\">\n\t\t\t\t\t\t\t\t\t<p>Wo die Zeit sich verlangsamt, Geschichten sich vertiefen und die Wurzeln der Familie stark sind.<\/p>\t\t\t\t\t\t\t\t<\/div>\n\t\t\t\t<\/div>\n\t\t\t\t\t<\/div>\n\t\t<\/div>\n\t\t\t\t\t<\/div>\n\t\t<\/section>\n\t\t\t\t<section class=\"elementor-section elementor-top-section elementor-element elementor-element-22f368b elementor-section-boxed elementor-section-gap-beside-yes elementor-section-height-default elementor-section-height-default elementor-section-column-vertical-align-stretch\" data-id=\"22f368b\" data-element_type=\"section\">\n\t\t\t\t\t\t<div class=\"elementor-container elementor-column-gap-extended\">\n\t\t\t\t\t<div class=\"elementor-column elementor-col-50 elementor-top-column elementor-element elementor-element-cd50ecf\" data-id=\"cd50ecf\" data-element_type=\"column\">\n\t\t\t<div class=\"elementor-widget-wrap elementor-element-populated\">\n\t\t\t\t\t\t<div class=\"elementor-element elementor-element-e8c92e2 elementor-invisible elementor-widget elementor-widget-text-editor\" data-id=\"e8c92e2\" data-element_type=\"widget\" data-settings=\"{&quot;_animation&quot;:&quot;nussFadeInUp&quot;}\" data-widget_type=\"text-editor.default\">\n\t\t\t\t<div class=\"elementor-widget-container\">\n\t\t\t\t\t\t\t\t\t<p>Eingebettet zwischen den Gipfeln und Olivenhainen der Abruzzen ist unser Familienbetrieb nicht nur ein Ort zum Verweilen, sondern auch ein Ort, an den man sich gerne erinnert. Seit zehn Generationen wird dieses Land von der Familie de Pompeis liebevoll gepflegt, und jeder Stein, jeder Baum und jeder Weg birgt eine Geschichte, die erz\u00e4hlt werden will.<\/p>\t\t\t\t\t\t\t\t<\/div>\n\t\t\t\t<\/div>\n\t\t\t\t<div class=\"elementor-element elementor-element-09628ae elementor-invisible elementor-widget elementor-widget-image\" data-id=\"09628ae\" data-element_type=\"widget\" data-settings=\"{&quot;_animation&quot;:&quot;nussFadeInUp&quot;}\" data-widget_type=\"image.default\">\n\t\t\t\t<div class=\"elementor-widget-container\">\n\t\t\t\t\t\t\t\t\t\t\t\t\t\t\t<img decoding=\"async\" width=\"392\" height=\"79\" src=\"https:\/\/madonnadegliangeli.com\/wp-content\/uploads\/2025\/03\/signature.png\" class=\"attachment-full size-full wp-image-5904\" alt=\"\" srcset=\"https:\/\/madonnadegliangeli.com\/wp-content\/uploads\/2025\/03\/signature.png 392w, https:\/\/madonnadegliangeli.com\/wp-content\/uploads\/2025\/03\/signature-300x60.png 300w\" sizes=\"(max-width: 392px) 100vw, 392px\" \/>\t\t\t\t\t\t\t\t\t\t\t\t\t\t\t<\/div>\n\t\t\t\t<\/div>\n\t\t\t\t<div class=\"elementor-element elementor-element-f2aab27 elementor-invisible elementor-widget elementor-widget-heading\" data-id=\"f2aab27\" data-element_type=\"widget\" data-settings=\"{&quot;_animation&quot;:&quot;nussFadeInUp&quot;}\" data-widget_type=\"heading.default\">\n\t\t\t\t<div class=\"elementor-widget-container\">\n\t\t\t\t\t<span class=\"elementor-heading-title elementor-size-default\">Caterina und Lorenzo von Pompei<\/span>\t\t\t\t<\/div>\n\t\t\t\t<\/div>\n\t\t\t\t<div class=\"elementor-element elementor-element-fa76db7 elementor-invisible elementor-widget elementor-widget-text-editor\" data-id=\"fa76db7\" data-element_type=\"widget\" data-settings=\"{&quot;_animation&quot;:&quot;nussFadeInUp&quot;}\" data-widget_type=\"text-editor.default\">\n\t\t\t\t<div class=\"elementor-widget-container\">\n\t\t\t\t\t\t\t\t\t<p>Inhaber<\/p>\t\t\t\t\t\t\t\t<\/div>\n\t\t\t\t<\/div>\n\t\t\t\t\t<\/div>\n\t\t<\/div>\n\t\t\t\t<div class=\"elementor-column elementor-col-50 elementor-top-column elementor-element elementor-element-414be75\" data-id=\"414be75\" data-element_type=\"column\">\n\t\t\t<div class=\"elementor-widget-wrap elementor-element-populated\">\n\t\t\t\t\t\t<div class=\"elementor-element elementor-element-1d6e131 elementor-invisible nuss-elementor-loading nuss-slide-in-left elementor-widget elementor-widget-image\" data-id=\"1d6e131\" data-element_type=\"widget\" data-settings=\"{&quot;_animation&quot;:&quot;nussSlideInLeft&quot;}\" data-widget_type=\"image.default\">\n\t\t\t\t<div class=\"elementor-widget-container\">\n\t\t\t\t\t\t\t\t\t\t\t\t\t\t\t<img fetchpriority=\"high\" decoding=\"async\" width=\"638\" height=\"850\" src=\"https:\/\/madonnadegliangeli.com\/wp-content\/uploads\/2025\/03\/AgriturismoMadonnaDegliAngeli10.jpg\" class=\"attachment-full size-full wp-image-5903\" alt=\"\" srcset=\"https:\/\/madonnadegliangeli.com\/wp-content\/uploads\/2025\/03\/AgriturismoMadonnaDegliAngeli10.jpg 638w, https:\/\/madonnadegliangeli.com\/wp-content\/uploads\/2025\/03\/AgriturismoMadonnaDegliAngeli10-225x300.jpg 225w, https:\/\/madonnadegliangeli.com\/wp-content\/uploads\/2025\/03\/AgriturismoMadonnaDegliAngeli10-600x799.jpg 600w\" sizes=\"(max-width: 638px) 100vw, 638px\" \/>\t\t\t\t\t\t\t\t\t\t\t\t\t\t\t<\/div>\n\t\t\t\t<\/div>\n\t\t\t\t\t<\/div>\n\t\t<\/div>\n\t\t\t\t\t<\/div>\n\t\t<\/section>\n\t\t\t\t<section class=\"elementor-section elementor-top-section elementor-element elementor-element-2393bc4 elementor-section-height-min-height elementor-section-stretched elementor-section-full_width elementor-section-items-stretch elementor-section-height-default elementor-section-column-vertical-align-stretch\" data-id=\"2393bc4\" data-element_type=\"section\" data-settings=\"{&quot;stretch_section&quot;:&quot;section-stretched&quot;}\">\n\t\t\t\t\t\t<div class=\"elementor-container elementor-column-gap-no\">\n\t\t\t\t\t<div class=\"elementor-column elementor-col-50 elementor-top-column elementor-element elementor-element-41b487e\" data-id=\"41b487e\" data-element_type=\"column\">\n\t\t\t<div class=\"elementor-widget-wrap elementor-element-populated\">\n\t\t\t\t\t\t<div class=\"elementor-element elementor-element-bb32da3 elementor-widget elementor-widget-video\" data-id=\"bb32da3\" data-element_type=\"widget\" data-settings=\"{&quot;video_type&quot;:&quot;hosted&quot;,&quot;show_image_overlay&quot;:&quot;yes&quot;,&quot;image_overlay&quot;:{&quot;url&quot;:&quot;https:\\\/\\\/madonnadegliangeli.com\\\/wp-content\\\/uploads\\\/2025\\\/03\\\/aia-1934.jpg&quot;,&quot;id&quot;:5905,&quot;size&quot;:&quot;&quot;,&quot;alt&quot;:&quot;&quot;,&quot;source&quot;:&quot;library&quot;},&quot;controls&quot;:&quot;yes&quot;}\" data-widget_type=\"video.default\">\n\t\t\t\t<div class=\"elementor-widget-container\">\n\t\t\t\t\t\t\t<div class=\"e-hosted-video elementor-wrapper elementor-open-inline\">\n\t\t\t\t\t<video class=\"elementor-video\" src=\"https:\/\/madonnadegliangeli.com\/wp-content\/uploads\/2025\/03\/recordi_d-abruzzo.mp4\" controls=\"\" preload=\"metadata\" controlslist=\"nodownload\" poster=\"https:\/\/madonnadegliangeli.com\/wp-content\/uploads\/2025\/03\/aia-1934.jpg\"><\/video>\n\t\t\t\t\t\t<div class=\"elementor-custom-embed-image-overlay\" style=\"background-image: url(https:\/\/madonnadegliangeli.com\/wp-content\/uploads\/2025\/03\/aia-1934.jpg);\">\n\t\t\t\t\t\t\t\t\t\t\t\t\t\t\t\t<div class=\"elementor-custom-embed-play\" role=\"button\" aria-label=\"Video abspielen\" tabindex=\"0\">\n\t\t\t\t\t\t\t<svg aria-hidden=\"true\" class=\"e-font-icon-svg e-eicon-play\" viewbox=\"0 0 1000 1000\" xmlns=\"http:\/\/www.w3.org\/2000\/svg\"><path d=\"M838 162C746 71 633 25 500 25 371 25 258 71 163 162 71 254 25 367 25 500 25 633 71 746 163 837 254 929 367 979 500 979 633 979 746 933 838 837 929 746 975 633 975 500 975 367 929 254 838 162M808 192C892 279 933 379 933 500 933 621 892 725 808 808 725 892 621 938 500 938 379 938 279 896 196 808 113 725 67 621 67 500 67 379 108 279 196 192 279 108 383 62 500 62 621 62 721 108 808 192M438 392V642L642 517 438 392Z\"><\/path><\/svg>\t\t\t\t\t\t<\/div>\n\t\t\t\t\t\t\t\t\t<\/div>\n\t\t\t\t\t<\/div>\n\t\t\t\t\t\t<\/div>\n\t\t\t\t<\/div>\n\t\t\t\t\t<\/div>\n\t\t<\/div>\n\t\t\t\t<div class=\"elementor-column elementor-col-50 elementor-top-column elementor-element elementor-element-281747b\" data-id=\"281747b\" data-element_type=\"column\">\n\t\t\t<div class=\"elementor-widget-wrap elementor-element-populated\">\n\t\t\t\t\t\t<div class=\"elementor-element elementor-element-d77b752 elementor-invisible elementor-widget elementor-widget-nuss-heading\" data-id=\"d77b752\" data-element_type=\"widget\" data-settings=\"{&quot;_animation&quot;:&quot;nussFadeInUp&quot;}\" data-widget_type=\"nuss-heading.default\">\n\t\t\t\t<div class=\"elementor-widget-container\">\n\t\t\t\t\t\t\t<div class=\"nuss-modern-heading\">\r\n\t\t\t\r\n\t\t\t\t\t\t<div class=\"heading-primary-wrap\">\r\n\t\t\t\t<h4 class=\"heading-primary elementor-heading-title\">Seit den 1600er Jahren<\/h4>\t\t\t<\/div>\r\n\t\t\r\n\t\t\t\t\t\t<div class=\"heading-divider-wrap\">\r\n\t\t\t\t<div class=\"heading-divider\" style=\"left: 0px;top: 6px\"><\/div>\r\n\t\t\t<\/div>\r\n\t\r\n\t\t\t\t\t<\/div>\r\n\t\t\t\t\t<\/div>\n\t\t\t\t<\/div>\n\t\t\t\t<div class=\"elementor-element elementor-element-42014f7 elementor-invisible elementor-widget elementor-widget-heading\" data-id=\"42014f7\" data-element_type=\"widget\" data-settings=\"{&quot;_animation&quot;:&quot;nussFadeInUp&quot;}\" data-widget_type=\"heading.default\">\n\t\t\t\t<div class=\"elementor-widget-container\">\n\t\t\t\t\t<h3 class=\"elementor-heading-title elementor-size-default\">Das Land spricht: Uralte Urspr\u00fcnge<\/h3>\t\t\t\t<\/div>\n\t\t\t\t<\/div>\n\t\t\t\t<div class=\"elementor-element elementor-element-2ba7908 elementor-invisible elementor-widget elementor-widget-text-editor\" data-id=\"2ba7908\" data-element_type=\"widget\" data-settings=\"{&quot;_animation&quot;:&quot;nussFadeInUp&quot;}\" data-widget_type=\"text-editor.default\">\n\t\t\t\t<div class=\"elementor-widget-container\">\n\t\t\t\t\t\t\t\t\t<p class=\"\" data-start=\"257\" data-end=\"525\">Das Land selbst erz\u00e4hlt seine eigene Geschichte - arch\u00e4ologische \u00dcberreste aus der Bronzezeit, antike r\u00f6mische S\u00e4ulen und pr\u00e4historische Menhire ragen leise aus der Erde. Diese Relikte befinden sich nicht hinter Glas. Sie sind Teil des Gartens, der Wege, des Blicks von Ihrem Fr\u00fchst\u00fcckstisch aus.<\/p><p class=\"\" data-start=\"527\" data-end=\"780\">Lange bevor unsere Familie hier zu Hause war, war dies ein Ort der Ruhe und der Durchreise: eine Kutschenherberge in den 1600er Jahren, die Reisenden, die Mittelitalien durchquerten, frische Pferde und warmes Essen anbot. Die Steinmauern und maurischen B\u00f6gen erinnern noch heute an diese Reisen.<\/p>\t\t\t\t\t\t\t\t<\/div>\n\t\t\t\t<\/div>\n\t\t\t\t\t<\/div>\n\t\t<\/div>\n\t\t\t\t\t<\/div>\n\t\t<\/section>\n\t\t\t\t<section class=\"elementor-section elementor-top-section elementor-element elementor-element-72d2189 elementor-section-height-min-height elementor-section-stretched elementor-section-full_width elementor-section-items-stretch elementor-section-height-default elementor-section-column-vertical-align-stretch\" data-id=\"72d2189\" data-element_type=\"section\" data-settings=\"{&quot;stretch_section&quot;:&quot;section-stretched&quot;}\">\n\t\t\t\t\t\t<div class=\"elementor-container elementor-column-gap-no\">\n\t\t\t\t\t<div class=\"elementor-column elementor-col-50 elementor-top-column elementor-element elementor-element-e421433\" data-id=\"e421433\" data-element_type=\"column\">\n\t\t\t<div class=\"elementor-widget-wrap elementor-element-populated\">\n\t\t\t\t\t\t<div class=\"elementor-element elementor-element-edd550d elementor-invisible elementor-widget elementor-widget-nuss-heading\" data-id=\"edd550d\" data-element_type=\"widget\" data-settings=\"{&quot;_animation&quot;:&quot;nussFadeInUp&quot;}\" data-widget_type=\"nuss-heading.default\">\n\t\t\t\t<div class=\"elementor-widget-container\">\n\t\t\t\t\t\t\t<div class=\"nuss-modern-heading\">\r\n\t\t\t\r\n\t\t\t\t\t\t<div class=\"heading-primary-wrap\">\r\n\t\t\t\t<h4 class=\"heading-primary elementor-heading-title\">Tiefe Verbundenheit mit dem Bauernhof<\/h4>\t\t\t<\/div>\r\n\t\t\r\n\t\t\t\t\t\t<div class=\"heading-divider-wrap\">\r\n\t\t\t\t<div class=\"heading-divider\" style=\"left: 0px;top: 6px\"><\/div>\r\n\t\t\t<\/div>\r\n\t\r\n\t\t\t\t\t<\/div>\r\n\t\t\t\t\t<\/div>\n\t\t\t\t<\/div>\n\t\t\t\t<div class=\"elementor-element elementor-element-ba09b16 elementor-invisible elementor-widget elementor-widget-heading\" data-id=\"ba09b16\" data-element_type=\"widget\" data-settings=\"{&quot;_animation&quot;:&quot;nussFadeInUp&quot;}\" data-widget_type=\"heading.default\">\n\t\t\t\t<div class=\"elementor-widget-container\">\n\t\t\t\t\t<h3 class=\"elementor-heading-title elementor-size-default\">Eine Familie mit Wurzeln in den Abruzzen<\/h3>\t\t\t\t<\/div>\n\t\t\t\t<\/div>\n\t\t\t\t<div class=\"elementor-element elementor-element-290ba6f elementor-invisible elementor-widget elementor-widget-text-editor\" data-id=\"290ba6f\" data-element_type=\"widget\" data-settings=\"{&quot;_animation&quot;:&quot;nussFadeInUp&quot;}\" data-widget_type=\"text-editor.default\">\n\t\t\t\t<div class=\"elementor-widget-container\">\n\t\t\t\t\t\t\t\t\t<p>Die Familie de Pompeis bewohnt und bewirtschaftet dieses Land seit \u00fcber <span class=\"s1\">zehn<\/span> Generationen. Was einst ein landwirtschaftliches Anwesen war, hat sich - organisch und absichtlich - zu einem Zuhause f\u00fcr Reisende, K\u00fcnstler, Familien und Suchende aller Art entwickelt.<\/p>\n\n<p>Lorenzo ist ein Gelehrter, ein Soziologe, der sich mit Stolz zur Landwirtschaft bekehrt hat, ein H\u00fcter der Tradition und der Natur. Er hat das Land mit gro\u00dfem Respekt vor seinen \u00f6kologischen Rhythmen wiederhergestellt, indem er alte Getreidesorten wiederbelebt und eine Landschaft kultiviert hat, die heilt, w\u00e4hrend sie ern\u00e4hrt. Einer seiner Tr\u00e4ume ist es, uralte Pflanzen wiederzugewinnen und sie in virtuoser Weise mit frei lebenden Tieren koexistieren zu lassen, indem er alles mit der Sch\u00f6nheit und Kunst der Landschaft vermischt.<\/p>\n\n<p>Caterina bringt Seele und Geist in das Borgo. Ihr Hintergrund in Kunst, Kultur und Bildung ist in die Atmosph\u00e4re hier eingewoben: in der Gestaltung der R\u00e4ume, in den fr\u00f6hlichen Zusammenk\u00fcnften unter der Pergola und in ihrem herzlichen Willkommen f\u00fcr jeden Gast.<\/p>\n\n<p>Gemeinsam mit ihren engagierten Mitarbeitern und ihrem Hund Polpetta haben Lorenzo und Caterina etwas wirklich Seltenes geschaffen: einen Familienbetrieb, der wie ein kleines, verwunschenes Dorf wirkt.<\/p>\n\n<blockquote>\n  <p>\"All diese Sch\u00f6nheit wurde auch durch die Liebe unserer G\u00e4ste - unserer Freunde - gepr\u00e4gt, die uns im Laufe der Jahre durch Tr\u00e4ume, Leidenschaften und sogar Momente des Zweifels begleitet haben.<\/p>\n  <p>Ohne Sie w\u00e4ren wir nicht so weit gekommen.\"<\/p>\n<\/blockquote>\n\n<p><em>Von ganzem Herzen,<br \/><strong>Lorenzo und Caterina<\/strong><\/em><\/p>\n\t\t\t\t\t\t\t\t<\/div>\n\t\t\t\t<\/div>\n\t\t\t\t\t<\/div>\n\t\t<\/div>\n\t\t\t\t<div class=\"elementor-column elementor-col-50 elementor-top-column elementor-element elementor-element-1fa78f2\" data-id=\"1fa78f2\" data-element_type=\"column\">\n\t\t\t<div class=\"elementor-widget-wrap elementor-element-populated\">\n\t\t\t\t\t\t<div class=\"elementor-element elementor-element-d8afbff elementor-invisible nuss-elementor-loading nuss-slide-in-left elementor-widget elementor-widget-image\" data-id=\"d8afbff\" data-element_type=\"widget\" data-settings=\"{&quot;_animation&quot;:&quot;nussSlideInLeft&quot;}\" data-widget_type=\"image.default\">\n\t\t\t\t<div class=\"elementor-widget-container\">\n\t\t\t\t\t\t\t\t\t\t\t\t\t\t\t<img decoding=\"async\" width=\"2000\" height=\"1500\" src=\"https:\/\/madonnadegliangeli.com\/wp-content\/uploads\/2020\/02\/37-STD-1BR-IMG_0858.jpg\" class=\"attachment-full size-full wp-image-5790\" alt=\"\" srcset=\"https:\/\/madonnadegliangeli.com\/wp-content\/uploads\/2020\/02\/37-STD-1BR-IMG_0858.jpg 2000w, https:\/\/madonnadegliangeli.com\/wp-content\/uploads\/2020\/02\/37-STD-1BR-IMG_0858-300x225.jpg 300w, https:\/\/madonnadegliangeli.com\/wp-content\/uploads\/2020\/02\/37-STD-1BR-IMG_0858-1024x768.jpg 1024w, https:\/\/madonnadegliangeli.com\/wp-content\/uploads\/2020\/02\/37-STD-1BR-IMG_0858-768x576.jpg 768w, https:\/\/madonnadegliangeli.com\/wp-content\/uploads\/2020\/02\/37-STD-1BR-IMG_0858-1536x1152.jpg 1536w, https:\/\/madonnadegliangeli.com\/wp-content\/uploads\/2020\/02\/37-STD-1BR-IMG_0858-600x450.jpg 600w\" sizes=\"(max-width: 2000px) 100vw, 2000px\" \/>\t\t\t\t\t\t\t\t\t\t\t\t\t\t\t<\/div>\n\t\t\t\t<\/div>\n\t\t\t\t\t<\/div>\n\t\t<\/div>\n\t\t\t\t\t<\/div>\n\t\t<\/section>\n\t\t\t\t<section class=\"elementor-section elementor-top-section elementor-element elementor-element-02a2488 elementor-section-height-min-height elementor-section-stretched elementor-section-full_width elementor-section-items-stretch elementor-section-height-default elementor-section-column-vertical-align-stretch\" data-id=\"02a2488\" data-element_type=\"section\" data-settings=\"{&quot;stretch_section&quot;:&quot;section-stretched&quot;}\">\n\t\t\t\t\t\t<div class=\"elementor-container elementor-column-gap-no\">\n\t\t\t\t\t<div class=\"elementor-column elementor-col-50 elementor-top-column elementor-element elementor-element-51ac96b\" data-id=\"51ac96b\" data-element_type=\"column\">\n\t\t\t<div class=\"elementor-widget-wrap elementor-element-populated\">\n\t\t\t\t\t\t<div class=\"elementor-element elementor-element-a02a623 elementor-widget elementor-widget-image\" data-id=\"a02a623\" data-element_type=\"widget\" data-widget_type=\"image.default\">\n\t\t\t\t<div class=\"elementor-widget-container\">\n\t\t\t\t\t\t\t\t\t\t\t\t\t\t\t<img loading=\"lazy\" decoding=\"async\" width=\"2000\" height=\"1181\" src=\"https:\/\/madonnadegliangeli.com\/wp-content\/uploads\/2025\/03\/49-IMG_8060-Pekka.jpg\" class=\"attachment-full size-full wp-image-5693\" alt=\"\" srcset=\"https:\/\/madonnadegliangeli.com\/wp-content\/uploads\/2025\/03\/49-IMG_8060-Pekka.jpg 2000w, https:\/\/madonnadegliangeli.com\/wp-content\/uploads\/2025\/03\/49-IMG_8060-Pekka-300x177.jpg 300w, https:\/\/madonnadegliangeli.com\/wp-content\/uploads\/2025\/03\/49-IMG_8060-Pekka-1024x605.jpg 1024w, https:\/\/madonnadegliangeli.com\/wp-content\/uploads\/2025\/03\/49-IMG_8060-Pekka-768x454.jpg 768w, https:\/\/madonnadegliangeli.com\/wp-content\/uploads\/2025\/03\/49-IMG_8060-Pekka-1536x907.jpg 1536w, https:\/\/madonnadegliangeli.com\/wp-content\/uploads\/2025\/03\/49-IMG_8060-Pekka-600x354.jpg 600w\" sizes=\"(max-width: 2000px) 100vw, 2000px\" \/>\t\t\t\t\t\t\t\t\t\t\t\t\t\t\t<\/div>\n\t\t\t\t<\/div>\n\t\t\t\t\t<\/div>\n\t\t<\/div>\n\t\t\t\t<div class=\"elementor-column elementor-col-50 elementor-top-column elementor-element elementor-element-4baeeee\" data-id=\"4baeeee\" data-element_type=\"column\">\n\t\t\t<div class=\"elementor-widget-wrap elementor-element-populated\">\n\t\t\t\t\t\t<div class=\"elementor-element elementor-element-6c35f44 elementor-invisible elementor-widget elementor-widget-nuss-heading\" data-id=\"6c35f44\" data-element_type=\"widget\" data-settings=\"{&quot;_animation&quot;:&quot;nussFadeInUp&quot;}\" data-widget_type=\"nuss-heading.default\">\n\t\t\t\t<div class=\"elementor-widget-container\">\n\t\t\t\t\t\t\t<div class=\"nuss-modern-heading\">\r\n\t\t\t\r\n\t\t\t\t\t\t<div class=\"heading-primary-wrap\">\r\n\t\t\t\t<h4 class=\"heading-primary elementor-heading-title\">Von St\u00e4llen zu Suiten<\/h4>\t\t\t<\/div>\r\n\t\t\r\n\t\t\t\t\t\t<div class=\"heading-divider-wrap\">\r\n\t\t\t\t<div class=\"heading-divider\" style=\"left: 0px;top: 6px\"><\/div>\r\n\t\t\t<\/div>\r\n\t\r\n\t\t\t\t\t<\/div>\r\n\t\t\t\t\t<\/div>\n\t\t\t\t<\/div>\n\t\t\t\t<div class=\"elementor-element elementor-element-e128c9b elementor-invisible elementor-widget elementor-widget-heading\" data-id=\"e128c9b\" data-element_type=\"widget\" data-settings=\"{&quot;_animation&quot;:&quot;nussFadeInUp&quot;}\" data-widget_type=\"heading.default\">\n\t\t\t\t<div class=\"elementor-widget-container\">\n\t\t\t\t\t<h3 class=\"elementor-heading-title elementor-size-default\">Ein neu konzipiertes Borgo<\/h3>\t\t\t\t<\/div>\n\t\t\t\t<\/div>\n\t\t\t\t<div class=\"elementor-element elementor-element-e9da670 elementor-invisible elementor-widget elementor-widget-text-editor\" data-id=\"e9da670\" data-element_type=\"widget\" data-settings=\"{&quot;_animation&quot;:&quot;nussFadeInUp&quot;}\" data-widget_type=\"text-editor.default\">\n\t\t\t\t<div class=\"elementor-widget-container\">\n\t\t\t\t\t\t\t\t\t<p class=\"\" data-start=\"2259\" data-end=\"2487\">Die Residenzen sind keine Hotelzimmer. Jede Wohnung ist Teil der urspr\u00fcnglichen Strukturen - Scheunen, St\u00e4lle, Weinkeller und geschichtstr\u00e4chtige Ecken der alten Geb\u00e4ude, die in den letzten f\u00fcnfundzwanzig Jahren liebevoll restauriert wurden.<\/p><p class=\"\" data-start=\"2489\" data-end=\"2742\">Es gibt neun Residenzen, die in vier Kategorien unterteilt sind - von den gem\u00fctlichen Regular bis zu den einzigartigen Special Apartments, darunter die romantische Torretta, ein ehemaliges Heusilo, das heute ein vertr\u00e4umtes zweist\u00f6ckiges Nest mit Blick auf den Garten und die maurische Loggia ist.<\/p><p class=\"\" data-start=\"2744\" data-end=\"2966\">Jede Einheit ist unabh\u00e4ngig, mit eigenem Eingang, Garten und Essplatz im Freien. Sie finden hier antike M\u00f6bel, moderne K\u00fcchen, Kamine und tiefe Steinmauern, die die R\u00e4ume im Sommer k\u00fchl und im Winter warm halten.<\/p><p class=\"\" data-start=\"2968\" data-end=\"3118\">Der zentrale Innenhof mit seinen B\u00f6gen aus dem 19. Jahrhundert ist ein beliebter Treffpunkt in der Abendd\u00e4mmerung, wenn sich der Himmel \u00fcber den Bergen golden f\u00e4rbt.<\/p>\t\t\t\t\t\t\t\t<\/div>\n\t\t\t\t<\/div>\n\t\t\t\t\t<\/div>\n\t\t<\/div>\n\t\t\t\t\t<\/div>\n\t\t<\/section>\n\t\t<div class=\"elementor-element elementor-element-a279298 e-flex e-con-boxed e-con e-parent\" data-id=\"a279298\" data-element_type=\"container\">\n\t\t\t\t\t<div class=\"e-con-inner\">\n\t\t\t\t<div class=\"elementor-element elementor-element-30ed2f0 elementor-widget elementor-widget-image\" data-id=\"30ed2f0\" data-element_type=\"widget\" data-widget_type=\"image.default\">\n\t\t\t\t<div class=\"elementor-widget-container\">\n\t\t\t\t\t\t\t\t\t\t\t\t\t\t\t<img loading=\"lazy\" decoding=\"async\" width=\"1024\" height=\"615\" src=\"https:\/\/madonnadegliangeli.com\/wp-content\/uploads\/2025\/05\/contact-1024x615.jpg\" class=\"attachment-large size-large wp-image-6099\" alt=\"\" srcset=\"https:\/\/madonnadegliangeli.com\/wp-content\/uploads\/2025\/05\/contact-1024x615.jpg 1024w, https:\/\/madonnadegliangeli.com\/wp-content\/uploads\/2025\/05\/contact-300x180.jpg 300w, https:\/\/madonnadegliangeli.com\/wp-content\/uploads\/2025\/05\/contact-768x461.jpg 768w, https:\/\/madonnadegliangeli.com\/wp-content\/uploads\/2025\/05\/contact-18x12.jpg 18w, https:\/\/madonnadegliangeli.com\/wp-content\/uploads\/2025\/05\/contact-600x360.jpg 600w, https:\/\/madonnadegliangeli.com\/wp-content\/uploads\/2025\/05\/contact.jpg 1198w\" sizes=\"(max-width: 1024px) 100vw, 1024px\" \/>\t\t\t\t\t\t\t\t\t\t\t\t\t\t\t<\/div>\n\t\t\t\t<\/div>\n\t\t\t\t\t<\/div>\n\t\t\t\t<\/div>\n\t\t\t\t<\/div>","protected":false},"excerpt":{"rendered":"<p>Wo die Zeit sich verlangsamt, Geschichten sich vertiefen und Familienwurzeln stark sind. Eingebettet zwischen den Gipfeln und Olivenhainen der Abruzzen ist unser Familienbetrieb nicht nur ein Ort zum Verweilen, sondern auch ein Ort, an den man sich erinnert. Seit zehn Generationen wird dieses Land von der Familie de Pompeis liebevoll gepflegt, und jeder Stein, jeder Baum und jeder Weg birgt eine Geschichte [...]<\/p>","protected":false},"author":2,"featured_media":0,"parent":0,"menu_order":0,"comment_status":"closed","ping_status":"closed","template":"elementor_header_footer","meta":{"footnotes":""},"class_list":["post-2103","page","type-page","status-publish","hentry","post-no-thumbnail"],"featured_image_src":null,"featured_image_src_square":null,"_links":{"self":[{"href":"https:\/\/madonnadegliangeli.com\/de\/wp-json\/wp\/v2\/pages\/2103","targetHints":{"allow":["GET"]}}],"collection":[{"href":"https:\/\/madonnadegliangeli.com\/de\/wp-json\/wp\/v2\/pages"}],"about":[{"href":"https:\/\/madonnadegliangeli.com\/de\/wp-json\/wp\/v2\/types\/page"}],"author":[{"embeddable":true,"href":"https:\/\/madonnadegliangeli.com\/de\/wp-json\/wp\/v2\/users\/2"}],"replies":[{"embeddable":true,"href":"https:\/\/madonnadegliangeli.com\/de\/wp-json\/wp\/v2\/comments?post=2103"}],"version-history":[{"count":0,"href":"https:\/\/madonnadegliangeli.com\/de\/wp-json\/wp\/v2\/pages\/2103\/revisions"}],"wp:attachment":[{"href":"https:\/\/madonnadegliangeli.com\/de\/wp-json\/wp\/v2\/media?parent=2103"}],"curies":[{"name":"wp","href":"https:\/\/api.w.org\/{rel}","templated":true}]}}