{"id":2103,"date":"2021-03-23T04:33:54","date_gmt":"2021-03-23T04:33:54","guid":{"rendered":"http:\/\/localhost\/nuss\/?page_id=103"},"modified":"2025-05-20T16:34:39","modified_gmt":"2025-05-20T15:34:39","slug":"nuestra-historia","status":"publish","type":"page","link":"https:\/\/madonnadegliangeli.com\/es\/nuestra-historia\/","title":{"rendered":"Nuestra historia de familia y granja"},"content":{"rendered":"<div data-elementor-type=\"wp-page\" data-elementor-id=\"2103\" class=\"elementor elementor-2103\">\n\t\t\t\t\t\t<section class=\"elementor-section elementor-top-section elementor-element elementor-element-8f5bb9d elementor-section-boxed elementor-section-gap-beside-yes elementor-section-height-default elementor-section-height-default elementor-section-column-vertical-align-stretch\" data-id=\"8f5bb9d\" data-element_type=\"section\">\n\t\t\t\t\t\t<div class=\"elementor-container elementor-column-gap-extended\">\n\t\t\t\t\t<div class=\"elementor-column elementor-col-100 elementor-top-column elementor-element elementor-element-7ec4215\" data-id=\"7ec4215\" data-element_type=\"column\">\n\t\t\t<div class=\"elementor-widget-wrap elementor-element-populated\">\n\t\t\t\t\t\t<div class=\"elementor-element elementor-element-edd9d03 elementor-widget__width-initial elementor-invisible elementor-widget elementor-widget-text-editor\" data-id=\"edd9d03\" data-element_type=\"widget\" data-settings=\"{&quot;_animation&quot;:&quot;nussFadeInUp&quot;}\" data-widget_type=\"text-editor.default\">\n\t\t\t\t<div class=\"elementor-widget-container\">\n\t\t\t\t\t\t\t\t\t<p>Donde el tiempo se ralentiza, las historias se profundizan y las ra\u00edces familiares se fortalecen.<\/p>\t\t\t\t\t\t\t\t<\/div>\n\t\t\t\t<\/div>\n\t\t\t\t\t<\/div>\n\t\t<\/div>\n\t\t\t\t\t<\/div>\n\t\t<\/section>\n\t\t\t\t<section class=\"elementor-section elementor-top-section elementor-element elementor-element-22f368b elementor-section-boxed elementor-section-gap-beside-yes elementor-section-height-default elementor-section-height-default elementor-section-column-vertical-align-stretch\" data-id=\"22f368b\" data-element_type=\"section\">\n\t\t\t\t\t\t<div class=\"elementor-container elementor-column-gap-extended\">\n\t\t\t\t\t<div class=\"elementor-column elementor-col-50 elementor-top-column elementor-element elementor-element-cd50ecf\" data-id=\"cd50ecf\" data-element_type=\"column\">\n\t\t\t<div class=\"elementor-widget-wrap elementor-element-populated\">\n\t\t\t\t\t\t<div class=\"elementor-element elementor-element-e8c92e2 elementor-invisible elementor-widget elementor-widget-text-editor\" data-id=\"e8c92e2\" data-element_type=\"widget\" data-settings=\"{&quot;_animation&quot;:&quot;nussFadeInUp&quot;}\" data-widget_type=\"text-editor.default\">\n\t\t\t\t<div class=\"elementor-widget-container\">\n\t\t\t\t\t\t\t\t\t<p>Enclavada entre las cumbres y los olivares de los Abruzos, nuestra granja familiar no es s\u00f3lo un lugar donde alojarse, es un lugar para recordar. Durante diez generaciones, la familia de Pompeis ha cuidado con esmero esta tierra, y cada piedra, \u00e1rbol y sendero guarda una historia que espera ser compartida.<\/p>\t\t\t\t\t\t\t\t<\/div>\n\t\t\t\t<\/div>\n\t\t\t\t<div class=\"elementor-element elementor-element-09628ae elementor-invisible elementor-widget elementor-widget-image\" data-id=\"09628ae\" data-element_type=\"widget\" data-settings=\"{&quot;_animation&quot;:&quot;nussFadeInUp&quot;}\" data-widget_type=\"image.default\">\n\t\t\t\t<div class=\"elementor-widget-container\">\n\t\t\t\t\t\t\t\t\t\t\t\t\t\t\t<img decoding=\"async\" width=\"392\" height=\"79\" src=\"https:\/\/madonnadegliangeli.com\/wp-content\/uploads\/2025\/03\/signature.png\" class=\"attachment-full size-full wp-image-5904\" alt=\"\" srcset=\"https:\/\/madonnadegliangeli.com\/wp-content\/uploads\/2025\/03\/signature.png 392w, https:\/\/madonnadegliangeli.com\/wp-content\/uploads\/2025\/03\/signature-300x60.png 300w\" sizes=\"(max-width: 392px) 100vw, 392px\" \/>\t\t\t\t\t\t\t\t\t\t\t\t\t\t\t<\/div>\n\t\t\t\t<\/div>\n\t\t\t\t<div class=\"elementor-element elementor-element-f2aab27 elementor-invisible elementor-widget elementor-widget-heading\" data-id=\"f2aab27\" data-element_type=\"widget\" data-settings=\"{&quot;_animation&quot;:&quot;nussFadeInUp&quot;}\" data-widget_type=\"heading.default\">\n\t\t\t\t<div class=\"elementor-widget-container\">\n\t\t\t\t\t<span class=\"elementor-heading-title elementor-size-default\">Caterina y Lorenzo de Pompeis<\/span>\t\t\t\t<\/div>\n\t\t\t\t<\/div>\n\t\t\t\t<div class=\"elementor-element elementor-element-fa76db7 elementor-invisible elementor-widget elementor-widget-text-editor\" data-id=\"fa76db7\" data-element_type=\"widget\" data-settings=\"{&quot;_animation&quot;:&quot;nussFadeInUp&quot;}\" data-widget_type=\"text-editor.default\">\n\t\t\t\t<div class=\"elementor-widget-container\">\n\t\t\t\t\t\t\t\t\t<p>Propietarios<\/p>\t\t\t\t\t\t\t\t<\/div>\n\t\t\t\t<\/div>\n\t\t\t\t\t<\/div>\n\t\t<\/div>\n\t\t\t\t<div class=\"elementor-column elementor-col-50 elementor-top-column elementor-element elementor-element-414be75\" data-id=\"414be75\" data-element_type=\"column\">\n\t\t\t<div class=\"elementor-widget-wrap elementor-element-populated\">\n\t\t\t\t\t\t<div class=\"elementor-element elementor-element-1d6e131 elementor-invisible nuss-elementor-loading nuss-slide-in-left elementor-widget elementor-widget-image\" data-id=\"1d6e131\" data-element_type=\"widget\" data-settings=\"{&quot;_animation&quot;:&quot;nussSlideInLeft&quot;}\" data-widget_type=\"image.default\">\n\t\t\t\t<div class=\"elementor-widget-container\">\n\t\t\t\t\t\t\t\t\t\t\t\t\t\t\t<img fetchpriority=\"high\" decoding=\"async\" width=\"638\" height=\"850\" src=\"https:\/\/madonnadegliangeli.com\/wp-content\/uploads\/2025\/03\/AgriturismoMadonnaDegliAngeli10.jpg\" class=\"attachment-full size-full wp-image-5903\" alt=\"\" srcset=\"https:\/\/madonnadegliangeli.com\/wp-content\/uploads\/2025\/03\/AgriturismoMadonnaDegliAngeli10.jpg 638w, https:\/\/madonnadegliangeli.com\/wp-content\/uploads\/2025\/03\/AgriturismoMadonnaDegliAngeli10-225x300.jpg 225w, https:\/\/madonnadegliangeli.com\/wp-content\/uploads\/2025\/03\/AgriturismoMadonnaDegliAngeli10-600x799.jpg 600w\" sizes=\"(max-width: 638px) 100vw, 638px\" \/>\t\t\t\t\t\t\t\t\t\t\t\t\t\t\t<\/div>\n\t\t\t\t<\/div>\n\t\t\t\t\t<\/div>\n\t\t<\/div>\n\t\t\t\t\t<\/div>\n\t\t<\/section>\n\t\t\t\t<section class=\"elementor-section elementor-top-section elementor-element elementor-element-2393bc4 elementor-section-height-min-height elementor-section-stretched elementor-section-full_width elementor-section-items-stretch elementor-section-height-default elementor-section-column-vertical-align-stretch\" data-id=\"2393bc4\" data-element_type=\"section\" data-settings=\"{&quot;stretch_section&quot;:&quot;section-stretched&quot;}\">\n\t\t\t\t\t\t<div class=\"elementor-container elementor-column-gap-no\">\n\t\t\t\t\t<div class=\"elementor-column elementor-col-50 elementor-top-column elementor-element elementor-element-41b487e\" data-id=\"41b487e\" data-element_type=\"column\">\n\t\t\t<div class=\"elementor-widget-wrap elementor-element-populated\">\n\t\t\t\t\t\t<div class=\"elementor-element elementor-element-bb32da3 elementor-widget elementor-widget-video\" data-id=\"bb32da3\" data-element_type=\"widget\" data-settings=\"{&quot;video_type&quot;:&quot;hosted&quot;,&quot;show_image_overlay&quot;:&quot;yes&quot;,&quot;image_overlay&quot;:{&quot;url&quot;:&quot;https:\\\/\\\/madonnadegliangeli.com\\\/wp-content\\\/uploads\\\/2025\\\/03\\\/aia-1934.jpg&quot;,&quot;id&quot;:5905,&quot;size&quot;:&quot;&quot;,&quot;alt&quot;:&quot;&quot;,&quot;source&quot;:&quot;library&quot;},&quot;controls&quot;:&quot;yes&quot;}\" data-widget_type=\"video.default\">\n\t\t\t\t<div class=\"elementor-widget-container\">\n\t\t\t\t\t\t\t<div class=\"e-hosted-video elementor-wrapper elementor-open-inline\">\n\t\t\t\t\t<video class=\"elementor-video\" src=\"https:\/\/madonnadegliangeli.com\/wp-content\/uploads\/2025\/03\/recordi_d-abruzzo.mp4\" controls=\"\" preload=\"metadata\" controlslist=\"nodownload\" poster=\"https:\/\/madonnadegliangeli.com\/wp-content\/uploads\/2025\/03\/aia-1934.jpg\"><\/video>\n\t\t\t\t\t\t<div class=\"elementor-custom-embed-image-overlay\" style=\"background-image: url(https:\/\/madonnadegliangeli.com\/wp-content\/uploads\/2025\/03\/aia-1934.jpg);\">\n\t\t\t\t\t\t\t\t\t\t\t\t\t\t\t\t<div class=\"elementor-custom-embed-play\" role=\"button\" aria-label=\"Reproducir v\u00eddeo\" tabindex=\"0\">\n\t\t\t\t\t\t\t<svg aria-hidden=\"true\" class=\"e-font-icon-svg e-eicon-play\" viewbox=\"0 0 1000 1000\" xmlns=\"http:\/\/www.w3.org\/2000\/svg\"><path d=\"M838 162C746 71 633 25 500 25 371 25 258 71 163 162 71 254 25 367 25 500 25 633 71 746 163 837 254 929 367 979 500 979 633 979 746 933 838 837 929 746 975 633 975 500 975 367 929 254 838 162M808 192C892 279 933 379 933 500 933 621 892 725 808 808 725 892 621 938 500 938 379 938 279 896 196 808 113 725 67 621 67 500 67 379 108 279 196 192 279 108 383 62 500 62 621 62 721 108 808 192M438 392V642L642 517 438 392Z\"><\/path><\/svg>\t\t\t\t\t\t<\/div>\n\t\t\t\t\t\t\t\t\t<\/div>\n\t\t\t\t\t<\/div>\n\t\t\t\t\t\t<\/div>\n\t\t\t\t<\/div>\n\t\t\t\t\t<\/div>\n\t\t<\/div>\n\t\t\t\t<div class=\"elementor-column elementor-col-50 elementor-top-column elementor-element elementor-element-281747b\" data-id=\"281747b\" data-element_type=\"column\">\n\t\t\t<div class=\"elementor-widget-wrap elementor-element-populated\">\n\t\t\t\t\t\t<div class=\"elementor-element elementor-element-d77b752 elementor-invisible elementor-widget elementor-widget-nuss-heading\" data-id=\"d77b752\" data-element_type=\"widget\" data-settings=\"{&quot;_animation&quot;:&quot;nussFadeInUp&quot;}\" data-widget_type=\"nuss-heading.default\">\n\t\t\t\t<div class=\"elementor-widget-container\">\n\t\t\t\t\t\t\t<div class=\"nuss-modern-heading\">\r\n\t\t\t\r\n\t\t\t\t\t\t<div class=\"heading-primary-wrap\">\r\n\t\t\t\t<h4 class=\"heading-primary elementor-heading-title\">Desde el siglo XVII<\/h4>\t\t\t<\/div>\r\n\t\t\r\n\t\t\t\t\t\t<div class=\"heading-divider-wrap\">\r\n\t\t\t\t<div class=\"heading-divider\" style=\"left: 0px;top: 6px\"><\/div>\r\n\t\t\t<\/div>\r\n\t\r\n\t\t\t\t\t<\/div>\r\n\t\t\t\t\t<\/div>\n\t\t\t\t<\/div>\n\t\t\t\t<div class=\"elementor-element elementor-element-42014f7 elementor-invisible elementor-widget elementor-widget-heading\" data-id=\"42014f7\" data-element_type=\"widget\" data-settings=\"{&quot;_animation&quot;:&quot;nussFadeInUp&quot;}\" data-widget_type=\"heading.default\">\n\t\t\t\t<div class=\"elementor-widget-container\">\n\t\t\t\t\t<h3 class=\"elementor-heading-title elementor-size-default\">La tierra habla: Or\u00edgenes ancestrales<\/h3>\t\t\t\t<\/div>\n\t\t\t\t<\/div>\n\t\t\t\t<div class=\"elementor-element elementor-element-2ba7908 elementor-invisible elementor-widget elementor-widget-text-editor\" data-id=\"2ba7908\" data-element_type=\"widget\" data-settings=\"{&quot;_animation&quot;:&quot;nussFadeInUp&quot;}\" data-widget_type=\"text-editor.default\">\n\t\t\t\t<div class=\"elementor-widget-container\">\n\t\t\t\t\t\t\t\t\t<p class=\"\" data-start=\"257\" data-end=\"525\">El propio terreno cuenta su historia: restos arqueol\u00f3gicos de la Edad de Bronce, antiguas columnas romanas y menhires prehist\u00f3ricos surgen silenciosamente de la tierra. Estas reliquias no est\u00e1n detr\u00e1s de un cristal. Forman parte del jard\u00edn, de los paseos, de la vista desde la mesa del desayuno.<\/p><p class=\"\" data-start=\"527\" data-end=\"780\">Mucho antes de que nuestra familia lo llamara hogar, \u00e9ste era un lugar de descanso y paso: una posada de carruajes en el siglo XVII, que ofrec\u00eda caballos frescos y comida caliente a los viajeros que cruzaban el centro de Italia. Sus muros de piedra y sus arcos moriscos a\u00fan conservan el susurro de aquellos viajes.<\/p>\t\t\t\t\t\t\t\t<\/div>\n\t\t\t\t<\/div>\n\t\t\t\t\t<\/div>\n\t\t<\/div>\n\t\t\t\t\t<\/div>\n\t\t<\/section>\n\t\t\t\t<section class=\"elementor-section elementor-top-section elementor-element elementor-element-72d2189 elementor-section-height-min-height elementor-section-stretched elementor-section-full_width elementor-section-items-stretch elementor-section-height-default elementor-section-column-vertical-align-stretch\" data-id=\"72d2189\" data-element_type=\"section\" data-settings=\"{&quot;stretch_section&quot;:&quot;section-stretched&quot;}\">\n\t\t\t\t\t\t<div class=\"elementor-container elementor-column-gap-no\">\n\t\t\t\t\t<div class=\"elementor-column elementor-col-50 elementor-top-column elementor-element elementor-element-e421433\" data-id=\"e421433\" data-element_type=\"column\">\n\t\t\t<div class=\"elementor-widget-wrap elementor-element-populated\">\n\t\t\t\t\t\t<div class=\"elementor-element elementor-element-edd550d elementor-invisible elementor-widget elementor-widget-nuss-heading\" data-id=\"edd550d\" data-element_type=\"widget\" data-settings=\"{&quot;_animation&quot;:&quot;nussFadeInUp&quot;}\" data-widget_type=\"nuss-heading.default\">\n\t\t\t\t<div class=\"elementor-widget-container\">\n\t\t\t\t\t\t\t<div class=\"nuss-modern-heading\">\r\n\t\t\t\r\n\t\t\t\t\t\t<div class=\"heading-primary-wrap\">\r\n\t\t\t\t<h4 class=\"heading-primary elementor-heading-title\">Profundas conexiones con la granja<\/h4>\t\t\t<\/div>\r\n\t\t\r\n\t\t\t\t\t\t<div class=\"heading-divider-wrap\">\r\n\t\t\t\t<div class=\"heading-divider\" style=\"left: 0px;top: 6px\"><\/div>\r\n\t\t\t<\/div>\r\n\t\r\n\t\t\t\t\t<\/div>\r\n\t\t\t\t\t<\/div>\n\t\t\t\t<\/div>\n\t\t\t\t<div class=\"elementor-element elementor-element-ba09b16 elementor-invisible elementor-widget elementor-widget-heading\" data-id=\"ba09b16\" data-element_type=\"widget\" data-settings=\"{&quot;_animation&quot;:&quot;nussFadeInUp&quot;}\" data-widget_type=\"heading.default\">\n\t\t\t\t<div class=\"elementor-widget-container\">\n\t\t\t\t\t<h3 class=\"elementor-heading-title elementor-size-default\">Una familia arraigada en los Abruzos<\/h3>\t\t\t\t<\/div>\n\t\t\t\t<\/div>\n\t\t\t\t<div class=\"elementor-element elementor-element-290ba6f elementor-invisible elementor-widget elementor-widget-text-editor\" data-id=\"290ba6f\" data-element_type=\"widget\" data-settings=\"{&quot;_animation&quot;:&quot;nussFadeInUp&quot;}\" data-widget_type=\"text-editor.default\">\n\t\t\t\t<div class=\"elementor-widget-container\">\n\t\t\t\t\t\t\t\t\t<p>La familia de Pompeis ha vivido y trabajado esta tierra durante m\u00e1s de dos siglos. <span class=\"s1\">diez<\/span> generaciones. Lo que una vez fue una finca agr\u00edcola ha crecido -org\u00e1nica e intencionadamente- hasta convertirse en un hogar para viajeros, artistas, familias y buscadores de todo tipo.<\/p>\n\n<p>Lorenzo es un erudito, un soci\u00f3logo orgullosamente convertido a la agricultura, un guardi\u00e1n de la tradici\u00f3n y la naturaleza. Ha restaurado la tierra con profundo respeto por sus ritmos ecol\u00f3gicos, recuperando cereales heredados y cultivando un paisaje que cura a la vez que alimenta. Uno de sus sue\u00f1os por realizar es recuperar plantas ancestrales, hacerlas convivir virtuosamente con animales de vida libre, mezcl\u00e1ndolo todo con la belleza y el arte del paisaje.<\/p>\n\n<p>Caterina aporta alma y esp\u00edritu al Borgo. Su experiencia en las artes, la cultura y la educaci\u00f3n se entreteje en la atm\u00f3sfera de este lugar: en el dise\u00f1o de los espacios, en las alegres reuniones bajo la p\u00e9rgola y en su profunda bienvenida a cada hu\u00e9sped.<\/p>\n\n<p>Juntos -con la ayuda de su entregado personal y de su perro, Polpetta- Lorenzo y Caterina han creado algo realmente excepcional: una granja familiar en activo que parece un peque\u00f1o pueblo encantado.<\/p>\n\n<blockquote>\n  <p>\"Toda esta belleza tambi\u00e9n ha sido moldeada por el amor de nuestros hu\u00e9spedes -nuestros amigos- que, a lo largo de los a\u00f1os, han estado a nuestro lado en sue\u00f1os, pasiones e incluso momentos de duda.<\/p>\n  <p>No habr\u00edamos llegado tan lejos sin ti\".<\/p>\n<\/blockquote>\n\n<p><em>De todo coraz\u00f3n,<br \/><strong>Lorenzo y Caterina<\/strong><\/em><\/p>\n\t\t\t\t\t\t\t\t<\/div>\n\t\t\t\t<\/div>\n\t\t\t\t\t<\/div>\n\t\t<\/div>\n\t\t\t\t<div class=\"elementor-column elementor-col-50 elementor-top-column elementor-element elementor-element-1fa78f2\" data-id=\"1fa78f2\" data-element_type=\"column\">\n\t\t\t<div class=\"elementor-widget-wrap elementor-element-populated\">\n\t\t\t\t\t\t<div class=\"elementor-element elementor-element-d8afbff elementor-invisible nuss-elementor-loading nuss-slide-in-left elementor-widget elementor-widget-image\" data-id=\"d8afbff\" data-element_type=\"widget\" data-settings=\"{&quot;_animation&quot;:&quot;nussSlideInLeft&quot;}\" data-widget_type=\"image.default\">\n\t\t\t\t<div class=\"elementor-widget-container\">\n\t\t\t\t\t\t\t\t\t\t\t\t\t\t\t<img decoding=\"async\" width=\"2000\" height=\"1500\" src=\"https:\/\/madonnadegliangeli.com\/wp-content\/uploads\/2020\/02\/37-STD-1BR-IMG_0858.jpg\" class=\"attachment-full size-full wp-image-5790\" alt=\"\" srcset=\"https:\/\/madonnadegliangeli.com\/wp-content\/uploads\/2020\/02\/37-STD-1BR-IMG_0858.jpg 2000w, https:\/\/madonnadegliangeli.com\/wp-content\/uploads\/2020\/02\/37-STD-1BR-IMG_0858-300x225.jpg 300w, https:\/\/madonnadegliangeli.com\/wp-content\/uploads\/2020\/02\/37-STD-1BR-IMG_0858-1024x768.jpg 1024w, https:\/\/madonnadegliangeli.com\/wp-content\/uploads\/2020\/02\/37-STD-1BR-IMG_0858-768x576.jpg 768w, https:\/\/madonnadegliangeli.com\/wp-content\/uploads\/2020\/02\/37-STD-1BR-IMG_0858-1536x1152.jpg 1536w, https:\/\/madonnadegliangeli.com\/wp-content\/uploads\/2020\/02\/37-STD-1BR-IMG_0858-600x450.jpg 600w\" sizes=\"(max-width: 2000px) 100vw, 2000px\" \/>\t\t\t\t\t\t\t\t\t\t\t\t\t\t\t<\/div>\n\t\t\t\t<\/div>\n\t\t\t\t\t<\/div>\n\t\t<\/div>\n\t\t\t\t\t<\/div>\n\t\t<\/section>\n\t\t\t\t<section class=\"elementor-section elementor-top-section elementor-element elementor-element-02a2488 elementor-section-height-min-height elementor-section-stretched elementor-section-full_width elementor-section-items-stretch elementor-section-height-default elementor-section-column-vertical-align-stretch\" data-id=\"02a2488\" data-element_type=\"section\" data-settings=\"{&quot;stretch_section&quot;:&quot;section-stretched&quot;}\">\n\t\t\t\t\t\t<div class=\"elementor-container elementor-column-gap-no\">\n\t\t\t\t\t<div class=\"elementor-column elementor-col-50 elementor-top-column elementor-element elementor-element-51ac96b\" data-id=\"51ac96b\" data-element_type=\"column\">\n\t\t\t<div class=\"elementor-widget-wrap elementor-element-populated\">\n\t\t\t\t\t\t<div class=\"elementor-element elementor-element-a02a623 elementor-widget elementor-widget-image\" data-id=\"a02a623\" data-element_type=\"widget\" data-widget_type=\"image.default\">\n\t\t\t\t<div class=\"elementor-widget-container\">\n\t\t\t\t\t\t\t\t\t\t\t\t\t\t\t<img loading=\"lazy\" decoding=\"async\" width=\"2000\" height=\"1181\" src=\"https:\/\/madonnadegliangeli.com\/wp-content\/uploads\/2025\/03\/49-IMG_8060-Pekka.jpg\" class=\"attachment-full size-full wp-image-5693\" alt=\"\" srcset=\"https:\/\/madonnadegliangeli.com\/wp-content\/uploads\/2025\/03\/49-IMG_8060-Pekka.jpg 2000w, https:\/\/madonnadegliangeli.com\/wp-content\/uploads\/2025\/03\/49-IMG_8060-Pekka-300x177.jpg 300w, https:\/\/madonnadegliangeli.com\/wp-content\/uploads\/2025\/03\/49-IMG_8060-Pekka-1024x605.jpg 1024w, https:\/\/madonnadegliangeli.com\/wp-content\/uploads\/2025\/03\/49-IMG_8060-Pekka-768x454.jpg 768w, https:\/\/madonnadegliangeli.com\/wp-content\/uploads\/2025\/03\/49-IMG_8060-Pekka-1536x907.jpg 1536w, https:\/\/madonnadegliangeli.com\/wp-content\/uploads\/2025\/03\/49-IMG_8060-Pekka-600x354.jpg 600w\" sizes=\"(max-width: 2000px) 100vw, 2000px\" \/>\t\t\t\t\t\t\t\t\t\t\t\t\t\t\t<\/div>\n\t\t\t\t<\/div>\n\t\t\t\t\t<\/div>\n\t\t<\/div>\n\t\t\t\t<div class=\"elementor-column elementor-col-50 elementor-top-column elementor-element elementor-element-4baeeee\" data-id=\"4baeeee\" data-element_type=\"column\">\n\t\t\t<div class=\"elementor-widget-wrap elementor-element-populated\">\n\t\t\t\t\t\t<div class=\"elementor-element elementor-element-6c35f44 elementor-invisible elementor-widget elementor-widget-nuss-heading\" data-id=\"6c35f44\" data-element_type=\"widget\" data-settings=\"{&quot;_animation&quot;:&quot;nussFadeInUp&quot;}\" data-widget_type=\"nuss-heading.default\">\n\t\t\t\t<div class=\"elementor-widget-container\">\n\t\t\t\t\t\t\t<div class=\"nuss-modern-heading\">\r\n\t\t\t\r\n\t\t\t\t\t\t<div class=\"heading-primary-wrap\">\r\n\t\t\t\t<h4 class=\"heading-primary elementor-heading-title\">De los establos a las suites<\/h4>\t\t\t<\/div>\r\n\t\t\r\n\t\t\t\t\t\t<div class=\"heading-divider-wrap\">\r\n\t\t\t\t<div class=\"heading-divider\" style=\"left: 0px;top: 6px\"><\/div>\r\n\t\t\t<\/div>\r\n\t\r\n\t\t\t\t\t<\/div>\r\n\t\t\t\t\t<\/div>\n\t\t\t\t<\/div>\n\t\t\t\t<div class=\"elementor-element elementor-element-e128c9b elementor-invisible elementor-widget elementor-widget-heading\" data-id=\"e128c9b\" data-element_type=\"widget\" data-settings=\"{&quot;_animation&quot;:&quot;nussFadeInUp&quot;}\" data-widget_type=\"heading.default\">\n\t\t\t\t<div class=\"elementor-widget-container\">\n\t\t\t\t\t<h3 class=\"elementor-heading-title elementor-size-default\">Un Borgo reimaginado<\/h3>\t\t\t\t<\/div>\n\t\t\t\t<\/div>\n\t\t\t\t<div class=\"elementor-element elementor-element-e9da670 elementor-invisible elementor-widget elementor-widget-text-editor\" data-id=\"e9da670\" data-element_type=\"widget\" data-settings=\"{&quot;_animation&quot;:&quot;nussFadeInUp&quot;}\" data-widget_type=\"text-editor.default\">\n\t\t\t\t<div class=\"elementor-widget-container\">\n\t\t\t\t\t\t\t\t\t<p class=\"\" data-start=\"2259\" data-end=\"2487\">Las residencias no son habitaciones de hotel. Cada residencia forma parte de las estructuras originales: graneros, establos, bodegas y rincones hist\u00f3ricos de los antiguos edificios que se han restaurado con esmero en los \u00faltimos veinticinco a\u00f1os.<\/p><p class=\"\" data-start=\"2489\" data-end=\"2742\">Hay nueve residencias, divididas en cuatro categor\u00edas: desde la acogedora Regular hasta los exclusivos apartamentos Special, incluida la rom\u00e1ntica Torretta, que fue un silo de heno y ahora es un nido de ensue\u00f1o de dos plantas con vistas al jard\u00edn y a la logia morisca.<\/p><p class=\"\" data-start=\"2744\" data-end=\"2966\">Cada unidad es independiente, con su propia entrada, jard\u00edn y comedor al aire libre. Encontrar\u00e1s muebles antiguos, cocinas modernas, chimeneas y profundas paredes de piedra que mantienen las habitaciones frescas en verano y c\u00e1lidas en invierno.<\/p><p class=\"\" data-start=\"2968\" data-end=\"3118\">El patio central, con sus arcos del siglo XIX, es un lugar de reuni\u00f3n favorito al atardecer, iluminado suavemente mientras el cielo se ti\u00f1e de oro sobre las monta\u00f1as.<\/p>\t\t\t\t\t\t\t\t<\/div>\n\t\t\t\t<\/div>\n\t\t\t\t\t<\/div>\n\t\t<\/div>\n\t\t\t\t\t<\/div>\n\t\t<\/section>\n\t\t<div class=\"elementor-element elementor-element-a279298 e-flex e-con-boxed e-con e-parent\" data-id=\"a279298\" data-element_type=\"container\">\n\t\t\t\t\t<div class=\"e-con-inner\">\n\t\t\t\t<div class=\"elementor-element elementor-element-30ed2f0 elementor-widget elementor-widget-image\" data-id=\"30ed2f0\" data-element_type=\"widget\" data-widget_type=\"image.default\">\n\t\t\t\t<div class=\"elementor-widget-container\">\n\t\t\t\t\t\t\t\t\t\t\t\t\t\t\t<img loading=\"lazy\" decoding=\"async\" width=\"1024\" height=\"615\" src=\"https:\/\/madonnadegliangeli.com\/wp-content\/uploads\/2025\/05\/contact-1024x615.jpg\" class=\"attachment-large size-large wp-image-6099\" alt=\"\" srcset=\"https:\/\/madonnadegliangeli.com\/wp-content\/uploads\/2025\/05\/contact-1024x615.jpg 1024w, https:\/\/madonnadegliangeli.com\/wp-content\/uploads\/2025\/05\/contact-300x180.jpg 300w, https:\/\/madonnadegliangeli.com\/wp-content\/uploads\/2025\/05\/contact-768x461.jpg 768w, https:\/\/madonnadegliangeli.com\/wp-content\/uploads\/2025\/05\/contact-18x12.jpg 18w, https:\/\/madonnadegliangeli.com\/wp-content\/uploads\/2025\/05\/contact-600x360.jpg 600w, https:\/\/madonnadegliangeli.com\/wp-content\/uploads\/2025\/05\/contact.jpg 1198w\" sizes=\"(max-width: 1024px) 100vw, 1024px\" \/>\t\t\t\t\t\t\t\t\t\t\t\t\t\t\t<\/div>\n\t\t\t\t<\/div>\n\t\t\t\t\t<\/div>\n\t\t\t\t<\/div>\n\t\t\t\t<\/div>","protected":false},"excerpt":{"rendered":"<p>Donde el tiempo se ralentiza, las historias se profundizan y las ra\u00edces familiares son fuertes. Enclavada entre las cumbres y los olivares de los Abruzos, nuestra granja familiar no es s\u00f3lo un lugar donde alojarse, es un lugar para recordar. Durante diez generaciones, esta tierra ha sido cuidada con amor por la familia de Pompeis, y cada piedra, \u00e1rbol y sendero guarda una historia [...]<\/p>","protected":false},"author":2,"featured_media":0,"parent":0,"menu_order":0,"comment_status":"closed","ping_status":"closed","template":"elementor_header_footer","meta":{"footnotes":""},"class_list":["post-2103","page","type-page","status-publish","hentry","post-no-thumbnail"],"featured_image_src":null,"featured_image_src_square":null,"_links":{"self":[{"href":"https:\/\/madonnadegliangeli.com\/es\/wp-json\/wp\/v2\/pages\/2103","targetHints":{"allow":["GET"]}}],"collection":[{"href":"https:\/\/madonnadegliangeli.com\/es\/wp-json\/wp\/v2\/pages"}],"about":[{"href":"https:\/\/madonnadegliangeli.com\/es\/wp-json\/wp\/v2\/types\/page"}],"author":[{"embeddable":true,"href":"https:\/\/madonnadegliangeli.com\/es\/wp-json\/wp\/v2\/users\/2"}],"replies":[{"embeddable":true,"href":"https:\/\/madonnadegliangeli.com\/es\/wp-json\/wp\/v2\/comments?post=2103"}],"version-history":[{"count":0,"href":"https:\/\/madonnadegliangeli.com\/es\/wp-json\/wp\/v2\/pages\/2103\/revisions"}],"wp:attachment":[{"href":"https:\/\/madonnadegliangeli.com\/es\/wp-json\/wp\/v2\/media?parent=2103"}],"curies":[{"name":"wp","href":"https:\/\/api.w.org\/{rel}","templated":true}]}}