{"id":2103,"date":"2021-03-23T04:33:54","date_gmt":"2021-03-23T04:33:54","guid":{"rendered":"http:\/\/localhost\/nuss\/?page_id=103"},"modified":"2025-05-20T16:34:39","modified_gmt":"2025-05-20T15:34:39","slug":"notre-histoire","status":"publish","type":"page","link":"https:\/\/madonnadegliangeli.com\/fr\/notre-histoire\/","title":{"rendered":"Notre histoire de famille et de ferme"},"content":{"rendered":"<div data-elementor-type=\"wp-page\" data-elementor-id=\"2103\" class=\"elementor elementor-2103\">\n\t\t\t\t\t\t<section class=\"elementor-section elementor-top-section elementor-element elementor-element-8f5bb9d elementor-section-boxed elementor-section-gap-beside-yes elementor-section-height-default elementor-section-height-default elementor-section-column-vertical-align-stretch\" data-id=\"8f5bb9d\" data-element_type=\"section\">\n\t\t\t\t\t\t<div class=\"elementor-container elementor-column-gap-extended\">\n\t\t\t\t\t<div class=\"elementor-column elementor-col-100 elementor-top-column elementor-element elementor-element-7ec4215\" data-id=\"7ec4215\" data-element_type=\"column\">\n\t\t\t<div class=\"elementor-widget-wrap elementor-element-populated\">\n\t\t\t\t\t\t<div class=\"elementor-element elementor-element-edd9d03 elementor-widget__width-initial elementor-invisible elementor-widget elementor-widget-text-editor\" data-id=\"edd9d03\" data-element_type=\"widget\" data-settings=\"{&quot;_animation&quot;:&quot;nussFadeInUp&quot;}\" data-widget_type=\"text-editor.default\">\n\t\t\t\t<div class=\"elementor-widget-container\">\n\t\t\t\t\t\t\t\t\t<p>L\u00e0 o\u00f9 le temps ralentit, les histoires s'approfondissent et les racines familiales se renforcent.<\/p>\t\t\t\t\t\t\t\t<\/div>\n\t\t\t\t<\/div>\n\t\t\t\t\t<\/div>\n\t\t<\/div>\n\t\t\t\t\t<\/div>\n\t\t<\/section>\n\t\t\t\t<section class=\"elementor-section elementor-top-section elementor-element elementor-element-22f368b elementor-section-boxed elementor-section-gap-beside-yes elementor-section-height-default elementor-section-height-default elementor-section-column-vertical-align-stretch\" data-id=\"22f368b\" data-element_type=\"section\">\n\t\t\t\t\t\t<div class=\"elementor-container elementor-column-gap-extended\">\n\t\t\t\t\t<div class=\"elementor-column elementor-col-50 elementor-top-column elementor-element elementor-element-cd50ecf\" data-id=\"cd50ecf\" data-element_type=\"column\">\n\t\t\t<div class=\"elementor-widget-wrap elementor-element-populated\">\n\t\t\t\t\t\t<div class=\"elementor-element elementor-element-e8c92e2 elementor-invisible elementor-widget elementor-widget-text-editor\" data-id=\"e8c92e2\" data-element_type=\"widget\" data-settings=\"{&quot;_animation&quot;:&quot;nussFadeInUp&quot;}\" data-widget_type=\"text-editor.default\">\n\t\t\t\t<div class=\"elementor-widget-container\">\n\t\t\t\t\t\t\t\t\t<p>Nich\u00e9e entre les sommets et les oliveraies des Abruzzes, notre ferme familiale n'est pas seulement un lieu de s\u00e9jour, c'est un lieu de m\u00e9moire. Depuis dix g\u00e9n\u00e9rations, cette terre est entretenue avec amour par la famille de Pompeis, et chaque pierre, chaque arbre, chaque sentier renferme une histoire qui ne demande qu'\u00e0 \u00eatre partag\u00e9e.<\/p>\t\t\t\t\t\t\t\t<\/div>\n\t\t\t\t<\/div>\n\t\t\t\t<div class=\"elementor-element elementor-element-09628ae elementor-invisible elementor-widget elementor-widget-image\" data-id=\"09628ae\" data-element_type=\"widget\" data-settings=\"{&quot;_animation&quot;:&quot;nussFadeInUp&quot;}\" data-widget_type=\"image.default\">\n\t\t\t\t<div class=\"elementor-widget-container\">\n\t\t\t\t\t\t\t\t\t\t\t\t\t\t\t<img decoding=\"async\" width=\"392\" height=\"79\" src=\"https:\/\/madonnadegliangeli.com\/wp-content\/uploads\/2025\/03\/signature.png\" class=\"attachment-full size-full wp-image-5904\" alt=\"\" srcset=\"https:\/\/madonnadegliangeli.com\/wp-content\/uploads\/2025\/03\/signature.png 392w, https:\/\/madonnadegliangeli.com\/wp-content\/uploads\/2025\/03\/signature-300x60.png 300w\" sizes=\"(max-width: 392px) 100vw, 392px\" \/>\t\t\t\t\t\t\t\t\t\t\t\t\t\t\t<\/div>\n\t\t\t\t<\/div>\n\t\t\t\t<div class=\"elementor-element elementor-element-f2aab27 elementor-invisible elementor-widget elementor-widget-heading\" data-id=\"f2aab27\" data-element_type=\"widget\" data-settings=\"{&quot;_animation&quot;:&quot;nussFadeInUp&quot;}\" data-widget_type=\"heading.default\">\n\t\t\t\t<div class=\"elementor-widget-container\">\n\t\t\t\t\t<span class=\"elementor-heading-title elementor-size-default\">Caterina et Lorenzo de Pompeis<\/span>\t\t\t\t<\/div>\n\t\t\t\t<\/div>\n\t\t\t\t<div class=\"elementor-element elementor-element-fa76db7 elementor-invisible elementor-widget elementor-widget-text-editor\" data-id=\"fa76db7\" data-element_type=\"widget\" data-settings=\"{&quot;_animation&quot;:&quot;nussFadeInUp&quot;}\" data-widget_type=\"text-editor.default\">\n\t\t\t\t<div class=\"elementor-widget-container\">\n\t\t\t\t\t\t\t\t\t<p>Propri\u00e9taires<\/p>\t\t\t\t\t\t\t\t<\/div>\n\t\t\t\t<\/div>\n\t\t\t\t\t<\/div>\n\t\t<\/div>\n\t\t\t\t<div class=\"elementor-column elementor-col-50 elementor-top-column elementor-element elementor-element-414be75\" data-id=\"414be75\" data-element_type=\"column\">\n\t\t\t<div class=\"elementor-widget-wrap elementor-element-populated\">\n\t\t\t\t\t\t<div class=\"elementor-element elementor-element-1d6e131 elementor-invisible nuss-elementor-loading nuss-slide-in-left elementor-widget elementor-widget-image\" data-id=\"1d6e131\" data-element_type=\"widget\" data-settings=\"{&quot;_animation&quot;:&quot;nussSlideInLeft&quot;}\" data-widget_type=\"image.default\">\n\t\t\t\t<div class=\"elementor-widget-container\">\n\t\t\t\t\t\t\t\t\t\t\t\t\t\t\t<img fetchpriority=\"high\" decoding=\"async\" width=\"638\" height=\"850\" src=\"https:\/\/madonnadegliangeli.com\/wp-content\/uploads\/2025\/03\/AgriturismoMadonnaDegliAngeli10.jpg\" class=\"attachment-full size-full wp-image-5903\" alt=\"\" srcset=\"https:\/\/madonnadegliangeli.com\/wp-content\/uploads\/2025\/03\/AgriturismoMadonnaDegliAngeli10.jpg 638w, https:\/\/madonnadegliangeli.com\/wp-content\/uploads\/2025\/03\/AgriturismoMadonnaDegliAngeli10-225x300.jpg 225w, https:\/\/madonnadegliangeli.com\/wp-content\/uploads\/2025\/03\/AgriturismoMadonnaDegliAngeli10-600x799.jpg 600w\" sizes=\"(max-width: 638px) 100vw, 638px\" \/>\t\t\t\t\t\t\t\t\t\t\t\t\t\t\t<\/div>\n\t\t\t\t<\/div>\n\t\t\t\t\t<\/div>\n\t\t<\/div>\n\t\t\t\t\t<\/div>\n\t\t<\/section>\n\t\t\t\t<section class=\"elementor-section elementor-top-section elementor-element elementor-element-2393bc4 elementor-section-height-min-height elementor-section-stretched elementor-section-full_width elementor-section-items-stretch elementor-section-height-default elementor-section-column-vertical-align-stretch\" data-id=\"2393bc4\" data-element_type=\"section\" data-settings=\"{&quot;stretch_section&quot;:&quot;section-stretched&quot;}\">\n\t\t\t\t\t\t<div class=\"elementor-container elementor-column-gap-no\">\n\t\t\t\t\t<div class=\"elementor-column elementor-col-50 elementor-top-column elementor-element elementor-element-41b487e\" data-id=\"41b487e\" data-element_type=\"column\">\n\t\t\t<div class=\"elementor-widget-wrap elementor-element-populated\">\n\t\t\t\t\t\t<div class=\"elementor-element elementor-element-bb32da3 elementor-widget elementor-widget-video\" data-id=\"bb32da3\" data-element_type=\"widget\" data-settings=\"{&quot;video_type&quot;:&quot;hosted&quot;,&quot;show_image_overlay&quot;:&quot;yes&quot;,&quot;image_overlay&quot;:{&quot;url&quot;:&quot;https:\\\/\\\/madonnadegliangeli.com\\\/wp-content\\\/uploads\\\/2025\\\/03\\\/aia-1934.jpg&quot;,&quot;id&quot;:5905,&quot;size&quot;:&quot;&quot;,&quot;alt&quot;:&quot;&quot;,&quot;source&quot;:&quot;library&quot;},&quot;controls&quot;:&quot;yes&quot;}\" data-widget_type=\"video.default\">\n\t\t\t\t<div class=\"elementor-widget-container\">\n\t\t\t\t\t\t\t<div class=\"e-hosted-video elementor-wrapper elementor-open-inline\">\n\t\t\t\t\t<video class=\"elementor-video\" src=\"https:\/\/madonnadegliangeli.com\/wp-content\/uploads\/2025\/03\/recordi_d-abruzzo.mp4\" controls=\"\" preload=\"metadata\" controlslist=\"nodownload\" poster=\"https:\/\/madonnadegliangeli.com\/wp-content\/uploads\/2025\/03\/aia-1934.jpg\"><\/video>\n\t\t\t\t\t\t<div class=\"elementor-custom-embed-image-overlay\" style=\"background-image: url(https:\/\/madonnadegliangeli.com\/wp-content\/uploads\/2025\/03\/aia-1934.jpg);\">\n\t\t\t\t\t\t\t\t\t\t\t\t\t\t\t\t<div class=\"elementor-custom-embed-play\" role=\"button\" aria-label=\"Lire la vid\u00e9o\" tabindex=\"0\">\n\t\t\t\t\t\t\t<svg aria-hidden=\"true\" class=\"e-font-icon-svg e-eicon-play\" viewbox=\"0 0 1000 1000\" xmlns=\"http:\/\/www.w3.org\/2000\/svg\"><path d=\"M838 162C746 71 633 25 500 25 371 25 258 71 163 162 71 254 25 367 25 500 25 633 71 746 163 837 254 929 367 979 500 979 633 979 746 933 838 837 929 746 975 633 975 500 975 367 929 254 838 162M808 192C892 279 933 379 933 500 933 621 892 725 808 808 725 892 621 938 500 938 379 938 279 896 196 808 113 725 67 621 67 500 67 379 108 279 196 192 279 108 383 62 500 62 621 62 721 108 808 192M438 392V642L642 517 438 392Z\"><\/path><\/svg>\t\t\t\t\t\t<\/div>\n\t\t\t\t\t\t\t\t\t<\/div>\n\t\t\t\t\t<\/div>\n\t\t\t\t\t\t<\/div>\n\t\t\t\t<\/div>\n\t\t\t\t\t<\/div>\n\t\t<\/div>\n\t\t\t\t<div class=\"elementor-column elementor-col-50 elementor-top-column elementor-element elementor-element-281747b\" data-id=\"281747b\" data-element_type=\"column\">\n\t\t\t<div class=\"elementor-widget-wrap elementor-element-populated\">\n\t\t\t\t\t\t<div class=\"elementor-element elementor-element-d77b752 elementor-invisible elementor-widget elementor-widget-nuss-heading\" data-id=\"d77b752\" data-element_type=\"widget\" data-settings=\"{&quot;_animation&quot;:&quot;nussFadeInUp&quot;}\" data-widget_type=\"nuss-heading.default\">\n\t\t\t\t<div class=\"elementor-widget-container\">\n\t\t\t\t\t\t\t<div class=\"nuss-modern-heading\">\r\n\t\t\t\r\n\t\t\t\t\t\t<div class=\"heading-primary-wrap\">\r\n\t\t\t\t<h4 class=\"heading-primary elementor-heading-title\">Depuis les ann\u00e9es 1600<\/h4>\t\t\t<\/div>\r\n\t\t\r\n\t\t\t\t\t\t<div class=\"heading-divider-wrap\">\r\n\t\t\t\t<div class=\"heading-divider\" style=\"left: 0px;top: 6px\"><\/div>\r\n\t\t\t<\/div>\r\n\t\r\n\t\t\t\t\t<\/div>\r\n\t\t\t\t\t<\/div>\n\t\t\t\t<\/div>\n\t\t\t\t<div class=\"elementor-element elementor-element-42014f7 elementor-invisible elementor-widget elementor-widget-heading\" data-id=\"42014f7\" data-element_type=\"widget\" data-settings=\"{&quot;_animation&quot;:&quot;nussFadeInUp&quot;}\" data-widget_type=\"heading.default\">\n\t\t\t\t<div class=\"elementor-widget-container\">\n\t\t\t\t\t<h3 class=\"elementor-heading-title elementor-size-default\">La terre parle : Origines anciennes<\/h3>\t\t\t\t<\/div>\n\t\t\t\t<\/div>\n\t\t\t\t<div class=\"elementor-element elementor-element-2ba7908 elementor-invisible elementor-widget elementor-widget-text-editor\" data-id=\"2ba7908\" data-element_type=\"widget\" data-settings=\"{&quot;_animation&quot;:&quot;nussFadeInUp&quot;}\" data-widget_type=\"text-editor.default\">\n\t\t\t\t<div class=\"elementor-widget-container\">\n\t\t\t\t\t\t\t\t\t<p class=\"\" data-start=\"257\" data-end=\"525\">La terre elle-m\u00eame raconte sa propre histoire : des vestiges arch\u00e9ologiques de l'\u00e2ge du bronze, d'anciennes colonnes romaines et des menhirs pr\u00e9historiques surgissent tranquillement de la terre. Ces vestiges ne sont pas derri\u00e8re une vitre. Ils font partie du jardin, des all\u00e9es, de la vue depuis votre table de petit-d\u00e9jeuner.<\/p><p class=\"\" data-start=\"527\" data-end=\"780\">Bien avant que notre famille n'y \u00e9lise domicile, c'\u00e9tait un lieu de repos et de passage : une auberge de diligence dans les ann\u00e9es 1600, offrant des chevaux frais et des repas chauds aux voyageurs traversant l'Italie centrale. Ses murs de pierre et ses arches mauresques gardent encore le souvenir de ces voyages.<\/p>\t\t\t\t\t\t\t\t<\/div>\n\t\t\t\t<\/div>\n\t\t\t\t\t<\/div>\n\t\t<\/div>\n\t\t\t\t\t<\/div>\n\t\t<\/section>\n\t\t\t\t<section class=\"elementor-section elementor-top-section elementor-element elementor-element-72d2189 elementor-section-height-min-height elementor-section-stretched elementor-section-full_width elementor-section-items-stretch elementor-section-height-default elementor-section-column-vertical-align-stretch\" data-id=\"72d2189\" data-element_type=\"section\" data-settings=\"{&quot;stretch_section&quot;:&quot;section-stretched&quot;}\">\n\t\t\t\t\t\t<div class=\"elementor-container elementor-column-gap-no\">\n\t\t\t\t\t<div class=\"elementor-column elementor-col-50 elementor-top-column elementor-element elementor-element-e421433\" data-id=\"e421433\" data-element_type=\"column\">\n\t\t\t<div class=\"elementor-widget-wrap elementor-element-populated\">\n\t\t\t\t\t\t<div class=\"elementor-element elementor-element-edd550d elementor-invisible elementor-widget elementor-widget-nuss-heading\" data-id=\"edd550d\" data-element_type=\"widget\" data-settings=\"{&quot;_animation&quot;:&quot;nussFadeInUp&quot;}\" data-widget_type=\"nuss-heading.default\">\n\t\t\t\t<div class=\"elementor-widget-container\">\n\t\t\t\t\t\t\t<div class=\"nuss-modern-heading\">\r\n\t\t\t\r\n\t\t\t\t\t\t<div class=\"heading-primary-wrap\">\r\n\t\t\t\t<h4 class=\"heading-primary elementor-heading-title\">Des liens \u00e9troits avec l'exploitation<\/h4>\t\t\t<\/div>\r\n\t\t\r\n\t\t\t\t\t\t<div class=\"heading-divider-wrap\">\r\n\t\t\t\t<div class=\"heading-divider\" style=\"left: 0px;top: 6px\"><\/div>\r\n\t\t\t<\/div>\r\n\t\r\n\t\t\t\t\t<\/div>\r\n\t\t\t\t\t<\/div>\n\t\t\t\t<\/div>\n\t\t\t\t<div class=\"elementor-element elementor-element-ba09b16 elementor-invisible elementor-widget elementor-widget-heading\" data-id=\"ba09b16\" data-element_type=\"widget\" data-settings=\"{&quot;_animation&quot;:&quot;nussFadeInUp&quot;}\" data-widget_type=\"heading.default\">\n\t\t\t\t<div class=\"elementor-widget-container\">\n\t\t\t\t\t<h3 class=\"elementor-heading-title elementor-size-default\">Une famille enracin\u00e9e dans les Abruzzes<\/h3>\t\t\t\t<\/div>\n\t\t\t\t<\/div>\n\t\t\t\t<div class=\"elementor-element elementor-element-290ba6f elementor-invisible elementor-widget elementor-widget-text-editor\" data-id=\"290ba6f\" data-element_type=\"widget\" data-settings=\"{&quot;_animation&quot;:&quot;nussFadeInUp&quot;}\" data-widget_type=\"text-editor.default\">\n\t\t\t\t<div class=\"elementor-widget-container\">\n\t\t\t\t\t\t\t\t\t<p>La famille de Pompeis a v\u00e9cu et travaill\u00e9 sur cette terre pendant plus de <span class=\"s1\">dix<\/span> g\u00e9n\u00e9rations. Ce qui \u00e9tait autrefois un domaine agricole s'est d\u00e9velopp\u00e9 - de mani\u00e8re organique et intentionnelle - pour devenir une maison pour les voyageurs, les artistes, les familles et les chercheurs de toutes sortes.<\/p>\n\n<p>Lorenzo est un \u00e9rudit, un sociologue fi\u00e8rement converti \u00e0 l'agriculture, un gardien de la tradition et de la nature. Il a restaur\u00e9 la terre dans le plus grand respect de ses rythmes \u00e9cologiques, en faisant revivre les c\u00e9r\u00e9ales traditionnelles et en cultivant un paysage qui gu\u00e9rit en m\u00eame temps qu'il nourrit. L'un de ses r\u00eaves \u00e0 r\u00e9aliser est de r\u00e9cup\u00e9rer des plantes anciennes, de les faire coexister vertueusement avec des animaux vivant en libert\u00e9, en m\u00ealant le tout \u00e0 la beaut\u00e9 et \u00e0 l'art du paysage.<\/p>\n\n<p>Caterina apporte l'\u00e2me et l'esprit au Borgo. Son exp\u00e9rience dans les domaines de l'art, de la culture et de l'\u00e9ducation se retrouve dans l'atmosph\u00e8re qui r\u00e8gne ici : dans la conception des espaces, dans les joyeuses r\u00e9unions sous la pergola et dans l'accueil chaleureux qu'elle r\u00e9serve \u00e0 chacun de ses h\u00f4tes.<\/p>\n\n<p>Ensemble, avec l'aide de leur personnel d\u00e9vou\u00e9 et de leur chien, Polpetta, Lorenzo et Caterina ont cr\u00e9\u00e9 quelque chose de vraiment rare : une ferme familiale en activit\u00e9 qui ressemble \u00e0 un petit village enchant\u00e9.<\/p>\n\n<blockquote>\n  <p>\"Toute cette beaut\u00e9 a \u00e9galement \u00e9t\u00e9 fa\u00e7onn\u00e9e par l'amour de nos invit\u00e9s - nos amis - qui, au fil des ans, nous ont accompagn\u00e9s dans nos r\u00eaves, nos passions et m\u00eame nos moments de doute.<\/p>\n  <p>Sans vous, nous ne serions pas all\u00e9s aussi loin\".<\/p>\n<\/blockquote>\n\n<p><em>De tout c\u0153ur,<br \/><strong>Lorenzo et Caterina<\/strong><\/em><\/p>\n\t\t\t\t\t\t\t\t<\/div>\n\t\t\t\t<\/div>\n\t\t\t\t\t<\/div>\n\t\t<\/div>\n\t\t\t\t<div class=\"elementor-column elementor-col-50 elementor-top-column elementor-element elementor-element-1fa78f2\" data-id=\"1fa78f2\" data-element_type=\"column\">\n\t\t\t<div class=\"elementor-widget-wrap elementor-element-populated\">\n\t\t\t\t\t\t<div class=\"elementor-element elementor-element-d8afbff elementor-invisible nuss-elementor-loading nuss-slide-in-left elementor-widget elementor-widget-image\" data-id=\"d8afbff\" data-element_type=\"widget\" data-settings=\"{&quot;_animation&quot;:&quot;nussSlideInLeft&quot;}\" data-widget_type=\"image.default\">\n\t\t\t\t<div class=\"elementor-widget-container\">\n\t\t\t\t\t\t\t\t\t\t\t\t\t\t\t<img decoding=\"async\" width=\"2000\" height=\"1500\" src=\"https:\/\/madonnadegliangeli.com\/wp-content\/uploads\/2020\/02\/37-STD-1BR-IMG_0858.jpg\" class=\"attachment-full size-full wp-image-5790\" alt=\"\" srcset=\"https:\/\/madonnadegliangeli.com\/wp-content\/uploads\/2020\/02\/37-STD-1BR-IMG_0858.jpg 2000w, https:\/\/madonnadegliangeli.com\/wp-content\/uploads\/2020\/02\/37-STD-1BR-IMG_0858-300x225.jpg 300w, https:\/\/madonnadegliangeli.com\/wp-content\/uploads\/2020\/02\/37-STD-1BR-IMG_0858-1024x768.jpg 1024w, https:\/\/madonnadegliangeli.com\/wp-content\/uploads\/2020\/02\/37-STD-1BR-IMG_0858-768x576.jpg 768w, https:\/\/madonnadegliangeli.com\/wp-content\/uploads\/2020\/02\/37-STD-1BR-IMG_0858-1536x1152.jpg 1536w, https:\/\/madonnadegliangeli.com\/wp-content\/uploads\/2020\/02\/37-STD-1BR-IMG_0858-600x450.jpg 600w\" sizes=\"(max-width: 2000px) 100vw, 2000px\" \/>\t\t\t\t\t\t\t\t\t\t\t\t\t\t\t<\/div>\n\t\t\t\t<\/div>\n\t\t\t\t\t<\/div>\n\t\t<\/div>\n\t\t\t\t\t<\/div>\n\t\t<\/section>\n\t\t\t\t<section class=\"elementor-section elementor-top-section elementor-element elementor-element-02a2488 elementor-section-height-min-height elementor-section-stretched elementor-section-full_width elementor-section-items-stretch elementor-section-height-default elementor-section-column-vertical-align-stretch\" data-id=\"02a2488\" data-element_type=\"section\" data-settings=\"{&quot;stretch_section&quot;:&quot;section-stretched&quot;}\">\n\t\t\t\t\t\t<div class=\"elementor-container elementor-column-gap-no\">\n\t\t\t\t\t<div class=\"elementor-column elementor-col-50 elementor-top-column elementor-element elementor-element-51ac96b\" data-id=\"51ac96b\" data-element_type=\"column\">\n\t\t\t<div class=\"elementor-widget-wrap elementor-element-populated\">\n\t\t\t\t\t\t<div class=\"elementor-element elementor-element-a02a623 elementor-widget elementor-widget-image\" data-id=\"a02a623\" data-element_type=\"widget\" data-widget_type=\"image.default\">\n\t\t\t\t<div class=\"elementor-widget-container\">\n\t\t\t\t\t\t\t\t\t\t\t\t\t\t\t<img loading=\"lazy\" decoding=\"async\" width=\"2000\" height=\"1181\" src=\"https:\/\/madonnadegliangeli.com\/wp-content\/uploads\/2025\/03\/49-IMG_8060-Pekka.jpg\" class=\"attachment-full size-full wp-image-5693\" alt=\"\" srcset=\"https:\/\/madonnadegliangeli.com\/wp-content\/uploads\/2025\/03\/49-IMG_8060-Pekka.jpg 2000w, https:\/\/madonnadegliangeli.com\/wp-content\/uploads\/2025\/03\/49-IMG_8060-Pekka-300x177.jpg 300w, https:\/\/madonnadegliangeli.com\/wp-content\/uploads\/2025\/03\/49-IMG_8060-Pekka-1024x605.jpg 1024w, https:\/\/madonnadegliangeli.com\/wp-content\/uploads\/2025\/03\/49-IMG_8060-Pekka-768x454.jpg 768w, https:\/\/madonnadegliangeli.com\/wp-content\/uploads\/2025\/03\/49-IMG_8060-Pekka-1536x907.jpg 1536w, https:\/\/madonnadegliangeli.com\/wp-content\/uploads\/2025\/03\/49-IMG_8060-Pekka-600x354.jpg 600w\" sizes=\"(max-width: 2000px) 100vw, 2000px\" \/>\t\t\t\t\t\t\t\t\t\t\t\t\t\t\t<\/div>\n\t\t\t\t<\/div>\n\t\t\t\t\t<\/div>\n\t\t<\/div>\n\t\t\t\t<div class=\"elementor-column elementor-col-50 elementor-top-column elementor-element elementor-element-4baeeee\" data-id=\"4baeeee\" data-element_type=\"column\">\n\t\t\t<div class=\"elementor-widget-wrap elementor-element-populated\">\n\t\t\t\t\t\t<div class=\"elementor-element elementor-element-6c35f44 elementor-invisible elementor-widget elementor-widget-nuss-heading\" data-id=\"6c35f44\" data-element_type=\"widget\" data-settings=\"{&quot;_animation&quot;:&quot;nussFadeInUp&quot;}\" data-widget_type=\"nuss-heading.default\">\n\t\t\t\t<div class=\"elementor-widget-container\">\n\t\t\t\t\t\t\t<div class=\"nuss-modern-heading\">\r\n\t\t\t\r\n\t\t\t\t\t\t<div class=\"heading-primary-wrap\">\r\n\t\t\t\t<h4 class=\"heading-primary elementor-heading-title\">Des \u00e9curies aux suites<\/h4>\t\t\t<\/div>\r\n\t\t\r\n\t\t\t\t\t\t<div class=\"heading-divider-wrap\">\r\n\t\t\t\t<div class=\"heading-divider\" style=\"left: 0px;top: 6px\"><\/div>\r\n\t\t\t<\/div>\r\n\t\r\n\t\t\t\t\t<\/div>\r\n\t\t\t\t\t<\/div>\n\t\t\t\t<\/div>\n\t\t\t\t<div class=\"elementor-element elementor-element-e128c9b elementor-invisible elementor-widget elementor-widget-heading\" data-id=\"e128c9b\" data-element_type=\"widget\" data-settings=\"{&quot;_animation&quot;:&quot;nussFadeInUp&quot;}\" data-widget_type=\"heading.default\">\n\t\t\t\t<div class=\"elementor-widget-container\">\n\t\t\t\t\t<h3 class=\"elementor-heading-title elementor-size-default\">Un Borgo revisit\u00e9<\/h3>\t\t\t\t<\/div>\n\t\t\t\t<\/div>\n\t\t\t\t<div class=\"elementor-element elementor-element-e9da670 elementor-invisible elementor-widget elementor-widget-text-editor\" data-id=\"e9da670\" data-element_type=\"widget\" data-settings=\"{&quot;_animation&quot;:&quot;nussFadeInUp&quot;}\" data-widget_type=\"text-editor.default\">\n\t\t\t\t<div class=\"elementor-widget-container\">\n\t\t\t\t\t\t\t\t\t<p class=\"\" data-start=\"2259\" data-end=\"2487\">Les r\u00e9sidences ne sont pas des chambres d'h\u00f4tel. Chaque r\u00e9sidence fait partie des structures d'origine - granges, \u00e9curies, caves \u00e0 vin et coins historiques des anciens b\u00e2timents qui ont \u00e9t\u00e9 restaur\u00e9s avec amour au cours des vingt-cinq derni\u00e8res ann\u00e9es.<\/p><p class=\"\" data-start=\"2489\" data-end=\"2742\">Il y a neuf r\u00e9sidences, r\u00e9parties en quatre cat\u00e9gories - de l'agr\u00e9able appartement r\u00e9gulier \u00e0 l'unique appartement sp\u00e9cial, en passant par la romantique Torretta, un ancien silo \u00e0 foin devenu un nid de r\u00eave sur deux \u00e9tages, avec vue sur le jardin et la loggia mauresque.<\/p><p class=\"\" data-start=\"2744\" data-end=\"2966\">Chaque unit\u00e9 est ind\u00e9pendante, avec sa propre entr\u00e9e, son jardin et sa salle \u00e0 manger ext\u00e9rieure. Vous y trouverez des meubles anciens, des cuisines modernes, des chemin\u00e9es et de profonds murs de pierre qui gardent les pi\u00e8ces fra\u00eeches en \u00e9t\u00e9 et chaudes en hiver.<\/p><p class=\"\" data-start=\"2968\" data-end=\"3118\">La cour centrale, avec ses arches du XIXe si\u00e8cle, est un lieu de rencontre favori au cr\u00e9puscule, \u00e9clair\u00e9e doucement lorsque le ciel devient dor\u00e9 au-dessus des montagnes.<\/p>\t\t\t\t\t\t\t\t<\/div>\n\t\t\t\t<\/div>\n\t\t\t\t\t<\/div>\n\t\t<\/div>\n\t\t\t\t\t<\/div>\n\t\t<\/section>\n\t\t<div class=\"elementor-element elementor-element-a279298 e-flex e-con-boxed e-con e-parent\" data-id=\"a279298\" data-element_type=\"container\">\n\t\t\t\t\t<div class=\"e-con-inner\">\n\t\t\t\t<div class=\"elementor-element elementor-element-30ed2f0 elementor-widget elementor-widget-image\" data-id=\"30ed2f0\" data-element_type=\"widget\" data-widget_type=\"image.default\">\n\t\t\t\t<div class=\"elementor-widget-container\">\n\t\t\t\t\t\t\t\t\t\t\t\t\t\t\t<img loading=\"lazy\" decoding=\"async\" width=\"1024\" height=\"615\" src=\"https:\/\/madonnadegliangeli.com\/wp-content\/uploads\/2025\/05\/contact-1024x615.jpg\" class=\"attachment-large size-large wp-image-6099\" alt=\"\" srcset=\"https:\/\/madonnadegliangeli.com\/wp-content\/uploads\/2025\/05\/contact-1024x615.jpg 1024w, https:\/\/madonnadegliangeli.com\/wp-content\/uploads\/2025\/05\/contact-300x180.jpg 300w, https:\/\/madonnadegliangeli.com\/wp-content\/uploads\/2025\/05\/contact-768x461.jpg 768w, https:\/\/madonnadegliangeli.com\/wp-content\/uploads\/2025\/05\/contact-18x12.jpg 18w, https:\/\/madonnadegliangeli.com\/wp-content\/uploads\/2025\/05\/contact-600x360.jpg 600w, https:\/\/madonnadegliangeli.com\/wp-content\/uploads\/2025\/05\/contact.jpg 1198w\" sizes=\"(max-width: 1024px) 100vw, 1024px\" \/>\t\t\t\t\t\t\t\t\t\t\t\t\t\t\t<\/div>\n\t\t\t\t<\/div>\n\t\t\t\t\t<\/div>\n\t\t\t\t<\/div>\n\t\t\t\t<\/div>","protected":false},"excerpt":{"rendered":"<p>L\u00e0 o\u00f9 le temps ralentit, o\u00f9 les histoires s'approfondissent et o\u00f9 les racines familiales sont solides. Nich\u00e9e entre les sommets et les oliveraies des Abruzzes, notre ferme familiale n'est pas seulement un lieu de s\u00e9jour, c'est un lieu de m\u00e9moire. Depuis dix g\u00e9n\u00e9rations, cette terre est entretenue avec amour par la famille de Pompeis, et chaque pierre, chaque arbre, chaque sentier renferme une histoire [...]<\/p>","protected":false},"author":2,"featured_media":0,"parent":0,"menu_order":0,"comment_status":"closed","ping_status":"closed","template":"elementor_header_footer","meta":{"footnotes":""},"class_list":["post-2103","page","type-page","status-publish","hentry","post-no-thumbnail"],"featured_image_src":null,"featured_image_src_square":null,"_links":{"self":[{"href":"https:\/\/madonnadegliangeli.com\/fr\/wp-json\/wp\/v2\/pages\/2103","targetHints":{"allow":["GET"]}}],"collection":[{"href":"https:\/\/madonnadegliangeli.com\/fr\/wp-json\/wp\/v2\/pages"}],"about":[{"href":"https:\/\/madonnadegliangeli.com\/fr\/wp-json\/wp\/v2\/types\/page"}],"author":[{"embeddable":true,"href":"https:\/\/madonnadegliangeli.com\/fr\/wp-json\/wp\/v2\/users\/2"}],"replies":[{"embeddable":true,"href":"https:\/\/madonnadegliangeli.com\/fr\/wp-json\/wp\/v2\/comments?post=2103"}],"version-history":[{"count":0,"href":"https:\/\/madonnadegliangeli.com\/fr\/wp-json\/wp\/v2\/pages\/2103\/revisions"}],"wp:attachment":[{"href":"https:\/\/madonnadegliangeli.com\/fr\/wp-json\/wp\/v2\/media?parent=2103"}],"curies":[{"name":"wp","href":"https:\/\/api.w.org\/{rel}","templated":true}]}}